{"id":853,"date":"2025-09-30T20:13:45","date_gmt":"2025-09-30T20:13:45","guid":{"rendered":"https:\/\/lightgray-crow-170497.hostingersite.com\/?post_type=product&#038;p=853"},"modified":"2025-09-30T21:01:51","modified_gmt":"2025-09-30T21:01:51","slug":"makita-dlm465z-ohne-akku-und-ladegeraet-modell-2025","status":"publish","type":"product","link":"https:\/\/routinesfashione.com\/nl\/produit\/makita-dlm465z-ohne-akku-und-ladegeraet-modell-2025\/","title":{"rendered":"Makita DLM465Z ohne Akku und Ladeger\u00e4t \u2013 Modell 2025"},"content":{"rendered":"<h2>Technische Daten<\/h2>\n<div class=\"table-wrapper\">\n<table class=\"HBOUserAttributes\">\n<tbody>\n<tr>\n<td class=\"AttributeGroupHeader\" colspan=\"2\">\n<h3>Motor &amp; Ausstattung<\/h3>\n<\/td>\n<\/tr>\n<tr>\n<td class=\"AttributeName VerticalAlignMiddle AttributeBorder\">Ger\u00e4teleistung<\/td>\n<td class=\"AttributeContent AttributeBorder\">bei 3300 U\/Min<\/td>\n<\/tr>\n<tr>\n<td class=\"AttributeName VerticalAlignMiddle AttributeBorder\">Ladeger\u00e4t im Lieferumfang enthalten<\/td>\n<td class=\"AttributeContent AttributeBorder\">nein<\/td>\n<\/tr>\n<tr>\n<td class=\"AttributeName VerticalAlignMiddle AttributeBorder\">Akku im Lieferumfang enthalten<\/td>\n<td class=\"AttributeContent AttributeBorder\">nein<\/td>\n<\/tr>\n<tr>\n<td class=\"AttributeName VerticalAlignMiddle AttributeBorder\">Motorstart<\/td>\n<td class=\"AttributeContent AttributeBorder\">Elektrostart<\/td>\n<\/tr>\n<tr>\n<td class=\"AttributeName VerticalAlignMiddle AttributeBorder\">Energiesparmodus<\/td>\n<td class=\"AttributeContent AttributeBorder\">Leise-Modus<\/td>\n<\/tr>\n<tr>\n<td class=\"AttributeName VerticalAlignMiddle AttributeBorder\">Akku-Art<\/td>\n<td class=\"AttributeContent AttributeBorder\">LXT Lithium-Ion<\/td>\n<\/tr>\n<tr>\n<td class=\"AttributeName VerticalAlignMiddle AttributeBorder\">Anzahl Akku-Schacht<\/td>\n<td class=\"AttributeContent AttributeBorder\">4<\/td>\n<\/tr>\n<tr>\n<td class=\"AttributeGroupHeader\" colspan=\"2\">\n<h3>M\u00e4hdaten<\/h3>\n<\/td>\n<\/tr>\n<tr>\n<td class=\"AttributeName VerticalAlignMiddle AttributeBorder\">maximale Fl\u00e4chenleistung<\/td>\n<td class=\"AttributeContent AttributeBorder\">1900 m\u00b2<\/td>\n<\/tr>\n<tr>\n<td class=\"AttributeName VerticalAlignMiddle AttributeBorder\">Schnittbreite<\/td>\n<td class=\"AttributeContent AttributeBorder\">46 cm<\/td>\n<\/tr>\n<tr>\n<td class=\"AttributeName VerticalAlignMiddle AttributeBorder\">Schnitth\u00f6he, min-max<\/td>\n<td class=\"AttributeContent AttributeBorder\">20-100 mm<\/td>\n<\/tr>\n<tr>\n<td class=\"AttributeName VerticalAlignMiddle AttributeBorder\">Anzahl Schnitth\u00f6hen<\/td>\n<td class=\"AttributeContent AttributeBorder\">10<\/td>\n<\/tr>\n<tr>\n<td class=\"AttributeName VerticalAlignMiddle AttributeBorder\">Messertyp<\/td>\n<td class=\"AttributeContent AttributeBorder\">Sichelmesser<\/td>\n<\/tr>\n<tr>\n<td class=\"AttributeName VerticalAlignMiddle AttributeBorder\">Schnitth\u00f6henverstellung<\/td>\n<td class=\"AttributeContent AttributeBorder\">zentral<\/td>\n<\/tr>\n<tr>\n<td class=\"AttributeName VerticalAlignMiddle AttributeBorder\">Volumen Fangkorb<\/td>\n<td class=\"AttributeContent AttributeBorder\">60 Liter<\/td>\n<\/tr>\n<tr>\n<td class=\"AttributeName VerticalAlignMiddle AttributeBorder\">M\u00e4hmethoden<\/td>\n<td class=\"AttributeContent AttributeBorder\">M\u00e4hen, Fangen, Mulchen<\/td>\n<\/tr>\n<tr>\n<td class=\"AttributeName VerticalAlignMiddle AttributeBorder\">Mulchkit<\/td>\n<td class=\"AttributeContent AttributeBorder\">Mulchkeil im Lieferumfang<\/td>\n<\/tr>\n<tr>\n<td class=\"AttributeName VerticalAlignMiddle AttributeBorder\">Fangen<\/td>\n<td class=\"AttributeContent AttributeBorder\">ja<\/td>\n<\/tr>\n<tr>\n<td class=\"AttributeName VerticalAlignMiddle AttributeBorder\">Heckauswurf-Schwadablage<\/td>\n<td class=\"AttributeContent AttributeBorder\">ja<\/td>\n<\/tr>\n<tr>\n<td class=\"AttributeName VerticalAlignMiddle AttributeBorder\">Seitenauswurf<\/td>\n<td class=\"AttributeContent AttributeBorder\">nein<\/td>\n<\/tr>\n<tr>\n<td class=\"AttributeName VerticalAlignMiddle AttributeBorder\">Fangboxart<\/td>\n<td class=\"AttributeContent AttributeBorder\">Textiler Fangsack<\/td>\n<\/tr>\n<tr>\n<td class=\"AttributeName VerticalAlignMiddle AttributeBorder\">F\u00fcllstandsanzeige<\/td>\n<td class=\"AttributeContent AttributeBorder\">ja<\/td>\n<\/tr>\n<tr>\n<td class=\"AttributeGroupHeader\" colspan=\"2\">\n<h3>Ausstattung<\/h3>\n<\/td>\n<\/tr>\n<tr>\n<td class=\"AttributeName VerticalAlignMiddle AttributeBorder\">Geh\u00e4use<\/td>\n<td class=\"AttributeContent AttributeBorder\">Stahlblechgeh\u00e4use<\/td>\n<\/tr>\n<tr>\n<td class=\"AttributeName VerticalAlignMiddle AttributeBorder\">Radgr\u00f6\u00dfe vorne<\/td>\n<td class=\"AttributeContent AttributeBorder\">230 mm<\/td>\n<\/tr>\n<tr>\n<td class=\"AttributeName VerticalAlignMiddle AttributeBorder\">Radgr\u00f6\u00dfe hinten<\/td>\n<td class=\"AttributeContent AttributeBorder\">230 mm<\/td>\n<\/tr>\n<tr>\n<td class=\"AttributeName VerticalAlignMiddle AttributeBorder\">Antriebsart<\/td>\n<td class=\"AttributeContent AttributeBorder\">variabler Radantrieb<\/td>\n<\/tr>\n<tr>\n<td class=\"AttributeName VerticalAlignMiddle AttributeBorder\">H\u00f6henverstellbarer Holm<\/td>\n<td class=\"AttributeContent AttributeBorder\">ja<\/td>\n<\/tr>\n<tr>\n<td class=\"AttributeName VerticalAlignMiddle AttributeBorder\">Material Felge<\/td>\n<td class=\"AttributeContent AttributeBorder\">Kunststoff<\/td>\n<\/tr>\n<tr>\n<td class=\"AttributeName VerticalAlignMiddle AttributeBorder\">Material, M\u00e4hdeck<\/td>\n<td class=\"AttributeContent AttributeBorder\">Stahldeck<\/td>\n<\/tr>\n<tr>\n<td class=\"AttributeName VerticalAlignMiddle AttributeBorder\">Transportgriff<\/td>\n<td class=\"AttributeContent AttributeBorder\">ja<\/td>\n<\/tr>\n<tr>\n<td class=\"AttributeName VerticalAlignMiddle AttributeBorder\">Holmtyp<\/td>\n<td class=\"AttributeContent AttributeBorder\">ergonomisch, mit Softgrip<\/td>\n<\/tr>\n<tr>\n<td class=\"AttributeName VerticalAlignMiddle AttributeBorder\">Akkuladezustandsanzeige am Holm<\/td>\n<td class=\"AttributeContent AttributeBorder\">ja<\/td>\n<\/tr>\n<tr>\n<td class=\"AttributeGroupHeader\" colspan=\"2\">\n<h3>Umwelt, Ma\u00dfe und Gewicht<\/h3>\n<\/td>\n<\/tr>\n<tr>\n<td class=\"AttributeName VerticalAlignMiddle AttributeBorder\">Garantie<\/td>\n<td class=\"AttributeContent AttributeBorder\">2 Jahre bei privater Nutzung, optional verl\u00e4ngerbar auf 3 Jahre<\/td>\n<\/tr>\n<tr>\n<td class=\"AttributeName VerticalAlignMiddle AttributeBorder\">garantierter Schallleistungspegel (LWA)<\/td>\n<td class=\"AttributeContent AttributeBorder\">91 dB(A)<\/td>\n<\/tr>\n<tr>\n<td class=\"AttributeName VerticalAlignMiddle AttributeBorder\">Vibrationen am Holm<\/td>\n<td class=\"AttributeContent AttributeBorder\">2,5 m\/s\u00b2<\/td>\n<\/tr>\n<tr>\n<td class=\"AttributeName VerticalAlignMiddle AttributeBorder\">Schalldruckpegel am Ohr der Bedienperson<\/td>\n<td class=\"AttributeContent AttributeBorder\">82 dB(A)<\/td>\n<\/tr>\n<tr>\n<td class=\"AttributeName VerticalAlignMiddle AttributeBorder\">Gewicht<\/td>\n<td class=\"AttributeContent AttributeBorder\">35,5 kg<\/td>\n<\/tr>\n<\/tbody>\n<\/table>\n<\/div>","protected":false},"excerpt":{"rendered":"<p>Ger\u00e4uscharmer 2 x 18 V Akku-Rasenm\u00e4her mit robustem Stahldeck f\u00fcr gro\u00dfe Rasenfl\u00e4chen. Mit vier Akku-Steckpl\u00e4tzen zur Verdoppelung der Reichweite. Der Radantrieb ist autark und ohne M\u00e4hwerk nutzbar. Einschaltbarer Leise-Modus f\u00fcr ein ger\u00e4uschempfindliches Umfeld. F\u00fcllstandsanzeige am 60 Liter Grasfangkorb. Mit Akku-Ladestandanzeige direkt am F\u00fchrungsholm. 3 in 1: M\u00e4hen, Sammeln, Mulchen.<\/p>\n<p>Makita bietet Ihnen die kostenlose Garantie-Verl\u00e4ngerung f\u00fcr die aus dem Sortiment der Makita Werkzeug GmbH in Deutschland gekauften Elektrowerkzeuge f\u00fcr 3 Jahre und Li-Ionen Akkus f\u00fcr 2 Jahre an (Umfang und Details siehe Garantiebedingungen von Makita). Hierzu m\u00fcssen Sie lediglich Ihre Elektrowerkzeuge und die Li-Ionen Akkus innerhalb von 4 Wochen nach Kaufdatum auf der Internetseite von Makita registrieren.<\/p>","protected":false},"featured_media":854,"template":"","meta":[],"product_brand":[],"product_cat":[30],"product_tag":[1506],"product_country":[1501],"class_list":{"0":"post-853","1":"product","2":"type-product","3":"status-publish","4":"has-post-thumbnail","6":"product_cat-akku-rasenmaher-rasenmaher","7":"product_tag-akku-rasenmaeher","8":"product_country-germany","10":"first","11":"instock","12":"sale","13":"taxable","14":"shipping-taxable","15":"purchasable","16":"product-type-simple"},"_links":{"self":[{"href":"https:\/\/routinesfashione.com\/nl\/wp-json\/wp\/v2\/product\/853","targetHints":{"allow":["GET"]}}],"collection":[{"href":"https:\/\/routinesfashione.com\/nl\/wp-json\/wp\/v2\/product"}],"about":[{"href":"https:\/\/routinesfashione.com\/nl\/wp-json\/wp\/v2\/types\/product"}],"wp:featuredmedia":[{"embeddable":true,"href":"https:\/\/routinesfashione.com\/nl\/wp-json\/wp\/v2\/media\/854"}],"wp:attachment":[{"href":"https:\/\/routinesfashione.com\/nl\/wp-json\/wp\/v2\/media?parent=853"}],"wp:term":[{"taxonomy":"product_brand","embeddable":true,"href":"https:\/\/routinesfashione.com\/nl\/wp-json\/wp\/v2\/product_brand?post=853"},{"taxonomy":"product_cat","embeddable":true,"href":"https:\/\/routinesfashione.com\/nl\/wp-json\/wp\/v2\/product_cat?post=853"},{"taxonomy":"product_tag","embeddable":true,"href":"https:\/\/routinesfashione.com\/nl\/wp-json\/wp\/v2\/product_tag?post=853"},{"taxonomy":"product_country","embeddable":true,"href":"https:\/\/routinesfashione.com\/nl\/wp-json\/wp\/v2\/product_country?post=853"}],"curies":[{"name":"wp","href":"https:\/\/api.w.org\/{rel}","templated":true}]}}