{"id":888,"date":"2025-09-30T20:13:45","date_gmt":"2025-09-30T20:13:45","guid":{"rendered":"https:\/\/lightgray-crow-170497.hostingersite.com\/?post_type=product&#038;p=888"},"modified":"2025-09-30T21:01:53","modified_gmt":"2025-09-30T21:01:53","slug":"makita-ce001gz-ohne-akku-und-ladegeraet","status":"publish","type":"product","link":"https:\/\/routinesfashione.com\/nl\/produit\/makita-ce001gz-ohne-akku-und-ladegeraet\/","title":{"rendered":"Makita CE001GZ ohne Akku und Ladeger\u00e4t"},"content":{"rendered":"<div id=\"divLangText\">\n<p>F\u00fcr Nassschnitte geeignet, der Schlauch f\u00fcr die Wasserzufuhr verl\u00e4uft innerhalb des Geh\u00e4uses und ist somit gegen Besch\u00e4digungen von au\u00dfen gesch\u00fctzt. AFT stoppt den Motor beim Blockieren der Maschine.<\/p>\n<p>Modell CE001GZ: Lieferung ohne Trennscheibe<\/p>\n<p>Makita bietet Ihnen die kostenlose Garantie-Verl\u00e4ngerung f\u00fcr die aus dem Sortiment der Makita Werkzeug GmbH in Deutschland gekauften Elektrowerkzeuge f\u00fcr 3 Jahre und Li-Ionen Akkus f\u00fcr 2 Jahre an (Umfang und Details siehe Garantiebedingungen von Makita). Hierzu m\u00fcssen Sie lediglich Ihre Elektrowerkzeuge und die Li-Ionen Akkus innerhalb von 4 Wochen nach Kaufdatum auf der Internetseite von Makita registrieren:<\/p>\n<p>&nbsp;<\/p>\n<p>https:\/\/warranty.makita.eu\/pub\/index.php?makita=de<\/p>\n<\/div>\n<h2>Vorteile<\/h2>\n<div>\n<div class=\"table-wrapper\">\n<table class=\"UserAttributes\">\n<tbody>\n<tr>\n<td class=\"AttributeName VerticalAlignMiddle AttributeBorder\" colspan=\"2\">Akkusystem XGT<\/td>\n<\/tr>\n<tr>\n<td class=\"AttributeName VerticalAlignMiddle AttributeBorder\" colspan=\"2\">Akkuschutzsystem<\/td>\n<\/tr>\n<tr>\n<td class=\"AttributeName VerticalAlignMiddle AttributeBorder\" colspan=\"2\">AFT (Active Feedback sensing Technology) stoppt den Motor beim Blockieren des Werkzeugs<\/td>\n<\/tr>\n<tr>\n<td class=\"AttributeName VerticalAlignMiddle AttributeBorder\" colspan=\"2\">Bequemes Anlassen per Knopfdruck<\/td>\n<\/tr>\n<tr>\n<td class=\"AttributeName VerticalAlignMiddle AttributeBorder\" colspan=\"2\">Trennscheibe nicht im Lieferumfang<\/td>\n<\/tr>\n<tr>\n<td class=\"AttributeName VerticalAlignMiddle AttributeBorder\" colspan=\"2\">Max. Schleifscheiben-\u00d8 : 355 mm<\/td>\n<\/tr>\n<tr>\n<td class=\"AttributeName VerticalAlignMiddle AttributeBorder\" colspan=\"2\">St\u00e4rke: 5,0 mm<\/td>\n<\/tr>\n<tr>\n<td class=\"AttributeName VerticalAlignMiddle AttributeBorder\" colspan=\"2\">Bohrung: 25,4 mm<\/td>\n<\/tr>\n<\/tbody>\n<\/table>\n<\/div>\n<\/div>\n<p>&nbsp;<\/p>\n<h2>Technische Daten<\/h2>\n<div class=\"table-wrapper\">\n<table>\n<tbody>\n<tr>\n<td class=\"bgGrey FontLight\">2 x 40 V Akkuspannung<\/td>\n<\/tr>\n<tr>\n<td class=\"bgLight FontLight\">Leerlaufdrehzahl: 5300 min?\u00b9<\/td>\n<\/tr>\n<tr>\n<td class=\"bgGrey FontLight\">Elektrostart<\/td>\n<\/tr>\n<tr>\n<td class=\"bgLight FontLight\">Schnitttiefe max. 127 mm<\/td>\n<\/tr>\n<tr>\n<td class=\"bgGrey FontLight\">Garantie: 2 Jahre<\/td>\n<\/tr>\n<tr>\n<td class=\"bgLight FontLight\">Artikel-Nr.: CE001GZ<\/td>\n<\/tr>\n<tr>\n<td class=\"bgGrey FontLight\">EAN: 0088381760911<\/td>\n<\/tr>\n<\/tbody>\n<\/table>\n<\/div>","protected":false},"excerpt":{"rendered":"<p>F\u00fcr Nassschnitte geeignet, der Schlauch f\u00fcr die Wasserzufuhr verl\u00e4uft innerhalb des Geh\u00e4uses und ist somit gegen Besch\u00e4digungen von au\u00dfen gesch\u00fctzt. AFT stoppt den Motor beim Blockieren der Maschine.<\/p>\n<p>Modell CE001GZ: Lieferung ohne Trennscheibe<\/p>\n<p>Makita bietet Ihnen die kostenlose Garantie-Verl\u00e4ngerung f\u00fcr die aus dem Sortiment der Makita Werkzeug GmbH in Deutschland gekauften Elektrowerkzeuge f\u00fcr 3 Jahre und Li-Ionen Akkus f\u00fcr 2 Jahre an (Umfang und Details siehe Garantiebedingungen von Makita). Hierzu m\u00fcssen Sie lediglich Ihre Elektrowerkzeuge und die Li-Ionen Akkus innerhalb von 4 Wochen nach Kaufdatum auf der Internetseite von Makita registrieren.<\/p>\n<div><strong>Lieferumfang<\/strong><\/div>\n<ul>\n<li>1x Makita CE001GZ Akku-Trennschleifer 2 x 40V max.<\/li>\n<li>1x Makita Schlauchkupplung<\/li>\n<li>1x Makita Adapterring-Set<\/li>\n<li>1x Makita Steckschl\u00fcssel 13-19<\/li>\n<li>Lieferung ohne Trennscheibe, Akku und Ladeger\u00e4t<\/li>\n<\/ul>","protected":false},"featured_media":889,"template":"","meta":[],"product_brand":[],"product_cat":[15],"product_tag":[1507],"product_country":[1501],"class_list":{"0":"post-888","1":"product","2":"type-product","3":"status-publish","4":"has-post-thumbnail","6":"product_cat-non-classe","7":"product_tag-non-classe","8":"product_country-germany","10":"first","11":"instock","12":"sale","13":"taxable","14":"shipping-taxable","15":"purchasable","16":"product-type-simple"},"_links":{"self":[{"href":"https:\/\/routinesfashione.com\/nl\/wp-json\/wp\/v2\/product\/888","targetHints":{"allow":["GET"]}}],"collection":[{"href":"https:\/\/routinesfashione.com\/nl\/wp-json\/wp\/v2\/product"}],"about":[{"href":"https:\/\/routinesfashione.com\/nl\/wp-json\/wp\/v2\/types\/product"}],"wp:featuredmedia":[{"embeddable":true,"href":"https:\/\/routinesfashione.com\/nl\/wp-json\/wp\/v2\/media\/889"}],"wp:attachment":[{"href":"https:\/\/routinesfashione.com\/nl\/wp-json\/wp\/v2\/media?parent=888"}],"wp:term":[{"taxonomy":"product_brand","embeddable":true,"href":"https:\/\/routinesfashione.com\/nl\/wp-json\/wp\/v2\/product_brand?post=888"},{"taxonomy":"product_cat","embeddable":true,"href":"https:\/\/routinesfashione.com\/nl\/wp-json\/wp\/v2\/product_cat?post=888"},{"taxonomy":"product_tag","embeddable":true,"href":"https:\/\/routinesfashione.com\/nl\/wp-json\/wp\/v2\/product_tag?post=888"},{"taxonomy":"product_country","embeddable":true,"href":"https:\/\/routinesfashione.com\/nl\/wp-json\/wp\/v2\/product_country?post=888"}],"curies":[{"name":"wp","href":"https:\/\/api.w.org\/{rel}","templated":true}]}}