{"id":926,"date":"2025-07-31T20:51:51","date_gmt":"2025-07-31T20:51:51","guid":{"rendered":"https:\/\/lightgray-crow-170497.hostingersite.com\/?post_type=product&#038;p=926"},"modified":"2025-09-30T21:01:55","modified_gmt":"2025-09-30T21:01:55","slug":"siemens-eq900-tq903r09-zwarte-volautomatische-espressomachine","status":"publish","type":"product","link":"https:\/\/routinesfashione.com\/nl\/produit\/siemens-eq900-tq903r09-zwarte-volautomatische-espressomachine\/","title":{"rendered":"Siemens EQ900 TQ903R09 Zwarte volautomatische espressomachine"},"content":{"rendered":"<p>De\u00a0<strong>Siemens EQ900 TQ903R09 Volautomatische espressomachine<\/strong>\u00a0is \u00e9\u00e9n van de stilste koffiemachines van Siemens. Met het intu\u00eftieve full-touch display en de Home Connect App kan je elke koffienuance regelen als een barista.<\/p>\n<p>Door de\u00a0<strong>superSilent<\/strong>\u00a0technologie geniet je al wanneer de koffiemachine aan gaat. Het verfijnde ontwerp met optimale geluidsisolatie en speciale afdichtingen zorgt ervoor dat het geluid in grote mate wordt gedempt.<\/p>\n<p><strong>Wordt een barista in jouw eigen keuken met de Siemens EQ900 TQ903R09!<\/strong><br \/>\nGeniet met deze koffiemachine van 29 koffiespecialiteiten. Je bepaalt zelf de koffie sterkte, grootte, temperatuur en hoeveelheid, waarbij je ook nauwkeurig de melkhoeveelheid kunt instellen. Zo pas je de koffie helemaal aan naar jouw smaak. En daarnaast zorgen de voorverwarmde kopjes voor een extra verwenmoment. Dankzij de actieve kopwarmer blijft je koffie langer heet waardoor jij langer van de heerlijke smaak kunt genieten.<\/p>\n<p>&nbsp;<\/p>\n<p><strong>De koffiemachine die doet wat je zegt.<br \/>\n<\/strong>Deze innovatieve Siemens volautomaat is op afstand te bedienen wanneer je deze verbind met de wifi. Dankzij de samenwerking van Home Connect met slimme spraakassistenten van Amazon Alexa en Google Home, kun je jouw slimme koffiemachine nu ook besturen met je stem. Naast de mogelijkheden om je koffiemachine of afstand te bedienen en te monitoren, brengt Home Connect allerlei extra voordelen met zich mee. Dankzij de coffeeWorld kun je moeiteloos elke denkbare internationale koffiespecialiteit cre\u00ebren, met \u00e9\u00e9n eenvoudige klik en swipe. Of maak je eigen coffeePlaylist; dit is een lijst van je favoriete dranken die na elkaar worden bereid. Zo geniet je op elk moment van de dag van een heerlijke koffie.<\/p>\n<p>&nbsp;<\/p>\n<p><strong>Hygi\u00ebne:<\/strong><\/p>\n<ul>\n<li>autoMilk Clean \u2013 automatische stoomreiniging na elk drankje<\/li>\n<li>calc&#8217;nClean \u2013 automatisch reinigings- en ontkalkingsprogramma<\/li>\n<li>Verwijderbare brouwunit: eenvoudige en hygi\u00ebnische reiniging<\/li>\n<li>Lekbak en koffiedik container afneembaar en vaatwasmachinebestendig<\/li>\n<li>Herinnert op tijd aan schoonmaken, ontkalken en waterfilter vervangen<\/li>\n<\/ul>\n<p>Deze Siemens volautomatische espressomachine is gemaakt met duurzame materialen en voorzien van een innovatief elegant design met een transparant waterreservoir. Zo past deze koffiemachine in elke keuken en ben je verzekerd van een volautomaat met een lange levensduur.<\/p>\n<div class=\"subHeading--vBXem\">\n<h2 class=\"subHeading__title--lih1A\">Specificaties<\/h2>\n<\/div>\n<div class=\"productInfo__specs--SxaZR\">\n<div class=\"productInfo__spec--uBHgn\">EAN<span class=\"productInfo__specValue--q65qT\">4242003904961<\/span><\/div>\n<div class=\"productInfo__spec--uBHgn\">Merk<span class=\"productInfo__specValue--q65qT\">Siemens<\/span><\/div>\n<div class=\"productInfo__spec--uBHgn\">Kleur<span class=\"productInfo__specValue--q65qT\">Zwart<\/span><\/div>\n<div class=\"productInfo__spec--uBHgn\">Type<span class=\"productInfo__specValue--q65qT\">Espressomachines<\/span><\/div>\n<div class=\"productInfo__spec--uBHgn\">Opties<span class=\"productInfo__specValue--q65qT\">Connectie met smartphone<\/span><\/div>\n<\/div>","protected":false},"excerpt":{"rendered":"<p>De\u00a0Siemens EQ900 TQ903R09 Volautomatische espressomachine\u00a0is \u00e9\u00e9n van de stilste koffiemachines van Siemens. Met het intu\u00eftieve full-touch display en de Home<\/p>","protected":false},"featured_media":19929,"template":"","meta":[],"product_brand":[],"product_cat":[70],"product_tag":[71],"product_country":[1504],"class_list":{"0":"post-926","1":"product","2":"type-product","3":"status-publish","4":"has-post-thumbnail","6":"product_cat-cofee-machine","7":"product_tag-cofee-machine","8":"product_country-netherlands","10":"first","11":"instock","12":"sale","13":"taxable","14":"shipping-taxable","15":"purchasable","16":"product-type-simple"},"_links":{"self":[{"href":"https:\/\/routinesfashione.com\/nl\/wp-json\/wp\/v2\/product\/926","targetHints":{"allow":["GET"]}}],"collection":[{"href":"https:\/\/routinesfashione.com\/nl\/wp-json\/wp\/v2\/product"}],"about":[{"href":"https:\/\/routinesfashione.com\/nl\/wp-json\/wp\/v2\/types\/product"}],"wp:featuredmedia":[{"embeddable":true,"href":"https:\/\/routinesfashione.com\/nl\/wp-json\/wp\/v2\/media\/19929"}],"wp:attachment":[{"href":"https:\/\/routinesfashione.com\/nl\/wp-json\/wp\/v2\/media?parent=926"}],"wp:term":[{"taxonomy":"product_brand","embeddable":true,"href":"https:\/\/routinesfashione.com\/nl\/wp-json\/wp\/v2\/product_brand?post=926"},{"taxonomy":"product_cat","embeddable":true,"href":"https:\/\/routinesfashione.com\/nl\/wp-json\/wp\/v2\/product_cat?post=926"},{"taxonomy":"product_tag","embeddable":true,"href":"https:\/\/routinesfashione.com\/nl\/wp-json\/wp\/v2\/product_tag?post=926"},{"taxonomy":"product_country","embeddable":true,"href":"https:\/\/routinesfashione.com\/nl\/wp-json\/wp\/v2\/product_country?post=926"}],"curies":[{"name":"wp","href":"https:\/\/api.w.org\/{rel}","templated":true}]}}