{"id":993,"date":"2025-09-30T20:53:40","date_gmt":"2025-09-30T20:53:40","guid":{"rendered":"https:\/\/lightgray-crow-170497.hostingersite.com\/?post_type=product&#038;p=993"},"modified":"2025-09-30T20:53:40","modified_gmt":"2025-09-30T20:53:40","slug":"scheppach-tondeuse-a-gazon-autoportee-mr225-61-moteur-4-temps-44-kw-60-cv-largeur-de-coupe-61-cm-hauteur-de-coupe-reglable-demarrage","status":"publish","type":"product","link":"https:\/\/routinesfashione.com\/nl\/produit\/scheppach-tondeuse-a-gazon-autoportee-mr225-61-moteur-4-temps-44-kw-60-cv-largeur-de-coupe-61-cm-hauteur-de-coupe-reglable-demarrage\/","title":{"rendered":"SCHEPPACH Tondeuse \u00e0 gazon autoport\u00e9e MR225-61 \u2013 Moteur 4 temps 4,4 kW 6,0 cv \u2013 Largeur de coupe 61 cm \u2013 Hauteur de coupe r\u00e9glable \u2013 D\u00e9marrage"},"content":{"rendered":"<h2 class=\"default\">Description du produit<\/h2>\n<div id=\"productDescription\" class=\"a-section a-spacing-small\">\n<p>Grande largeur de tonte de 61 cm Puissant moteur a 4 temps de 4,4 kW \/ 6,0 CV Convient pour pelouse jusqu&#8217;a 2600 m\u00b2 Lame de tonte robuste en acier Grand bac de ramassage 150 L Lame de tondeuse d\u00e9brayable et embrayble manuellement Grande roues gonflables pour une bonne tenue au sol Inclinaison max. de la pente 10<\/p>\n<table class=\"a-normal a-spacing-micro\" style=\"height: 273px;\" role=\"list\" width=\"710\">\n<tbody>\n<tr class=\"a-spacing-small po-brand\" role=\"listitem\">\n<td class=\"a-span3\" role=\"presentation\"><span class=\"a-size-base a-text-bold\">Marque<\/span><\/td>\n<td class=\"a-span9\" role=\"presentation\"><span class=\"a-size-base po-break-word\">Scheppach<\/span><\/td>\n<\/tr>\n<tr class=\"a-spacing-small po-power_source_type\" role=\"listitem\">\n<td class=\"a-span3\" role=\"presentation\"><span class=\"a-size-base a-text-bold\">Source d&#8217;alimentation<\/span><\/td>\n<td class=\"a-span9\" role=\"presentation\"><span class=\"a-size-base po-break-word\">Aliment\u00e9 au gaz<\/span><\/td>\n<\/tr>\n<tr class=\"a-spacing-small po-material\" role=\"listitem\">\n<td class=\"a-span3\" role=\"presentation\"><span class=\"a-size-base a-text-bold\">Mat\u00e9riau<\/span><\/td>\n<td class=\"a-span9\" role=\"presentation\"><span class=\"a-size-base po-break-word\">Acier alli\u00e9<\/span><\/td>\n<\/tr>\n<tr class=\"a-spacing-small po-color\" role=\"listitem\">\n<td class=\"a-span3\" role=\"presentation\"><span class=\"a-size-base a-text-bold\">Couleur<\/span><\/td>\n<td class=\"a-span9\" role=\"presentation\"><span class=\"a-size-base po-break-word\">Noir<\/span><\/td>\n<\/tr>\n<tr class=\"a-spacing-small po-style\" role=\"listitem\">\n<td class=\"a-span3\" role=\"presentation\"><span class=\"a-size-base a-text-bold\">Style<\/span><\/td>\n<td class=\"a-span9\" role=\"presentation\"><span class=\"a-size-base po-break-word\">Rotatif<\/span><\/td>\n<\/tr>\n<tr class=\"a-spacing-small po-item_weight\" role=\"listitem\">\n<td class=\"a-span3\" role=\"presentation\"><span class=\"a-size-base a-text-bold\">Poids de l&#8217;article<\/span><\/td>\n<td class=\"a-span9\" role=\"presentation\"><span class=\"a-size-base po-break-word\">143,5 Kilogrammes<\/span><\/td>\n<\/tr>\n<tr class=\"a-spacing-small po-cutting_width\" role=\"listitem\">\n<td class=\"a-span3\" role=\"presentation\"><span class=\"a-size-base a-text-bold\">Largeur de coupe<\/span><\/td>\n<td class=\"a-span9\" role=\"presentation\"><span class=\"a-size-base po-break-word\">61 Centim\u00e8tres<\/span><\/td>\n<\/tr>\n<tr class=\"a-spacing-small po-operation_mode\" role=\"listitem\">\n<td class=\"a-span3\" role=\"presentation\"><span class=\"a-size-base a-text-bold\">Mode de fonctionnement<\/span><\/td>\n<td class=\"a-span9\" role=\"presentation\"><span class=\"a-size-base po-break-word\">Hybride<\/span><\/td>\n<\/tr>\n<tr class=\"a-spacing-small po-item_depth_width_height\" role=\"listitem\">\n<td class=\"a-span3\" role=\"presentation\"><span class=\"a-size-base a-text-bold\">Dimensions du produit<\/span><\/td>\n<td class=\"a-span9\" role=\"presentation\"><span class=\"a-size-base po-break-word\">182P x 74l x 109H centim\u00e8tres<\/span><\/td>\n<\/tr>\n<tr class=\"a-spacing-small po-adjustable_cutting_height_maximum\" role=\"listitem\">\n<td class=\"a-span3\" role=\"presentation\"><span class=\"a-size-base a-text-bold\">Hauteur de coupe maximale r\u00e9glable<\/span><\/td>\n<td class=\"a-span9\" role=\"presentation\"><span class=\"a-size-base po-break-word\">7,5 Centim\u00e8tres<\/span><\/td>\n<\/tr>\n<\/tbody>\n<\/table>\n<h1 class=\"a-size-base-plus a-text-bold\">\u00c0 propos de cet article<\/h1>\n<ul class=\"a-unordered-list a-vertical a-spacing-mini\">\n<li class=\"a-spacing-mini\"><span class=\"a-list-item\">Largeur de coupe extra large de 61 cm<\/span><\/li>\n<li class=\"a-spacing-mini\"><span class=\"a-list-item\">Puissant moteur \u00e0 essence 4 temps 4,4 kW \/ 6,0 CV<\/span><\/li>\n<li class=\"a-spacing-mini\"><span class=\"a-list-item\">Convient pour les pelouses jusqu&#8217;\u00e0 2600 m\u00b2<\/span><\/li>\n<li class=\"a-spacing-mini\"><span class=\"a-list-item\">R\u00e9glage central de la hauteur de coupe sur 5 niveaux de 35 \u00e0 75 mm<\/span><\/li>\n<li class=\"a-spacing-mini\"><span class=\"a-list-item\">Syst\u00e8me de d\u00e9marrage hybride : d\u00e9marrage facile gr\u00e2ce au d\u00e9marrage \u00e9lectrique ou au d\u00e9marreur \u00e0 c\u00e2ble<\/span><\/li>\n<li class=\"a-spacing-mini\"><span class=\"a-list-item\">4 vitesses avant (1,5 \/ 2,0 \/ 4,0 \/ 6,0 km\/h) et 1 marche arri\u00e8re (2,4 km\/h)<\/span><\/li>\n<li class=\"a-spacing-mini\"><span class=\"a-list-item\">Grand bac de ramassage de 150 l &#8211; Nettoyage facile de la tondeuse gr\u00e2ce au raccordement \u00e0 l&#8217;eau<\/span><\/li>\n<\/ul>\n<div class=\"a-row a-expander-container a-expander-inline-container\">\n<div class=\"a-expander-content a-expander-extend-content a-expander-content-expanded\" data-expanded=\"true\">\n<ul class=\"a-unordered-list a-vertical a-spacing-none\">\n<li class=\"a-spacing-mini\"><span class=\"a-list-item\">M\u00e9canisme de coupe r\u00e9glable manuellement (m\u00e9canisme de coupe en acier robuste)<\/span><\/li>\n<li class=\"a-spacing-mini\"><span class=\"a-list-item\">Les grandes roues remplies d&#8217;air assurent une bonne adh\u00e9rence au sol<\/span><\/li>\n<\/ul>\n<\/div>\n<\/div>\n<\/div>","protected":false},"excerpt":{"rendered":"<p>Description du produit Grande largeur de tonte de 61 cm Puissant moteur a 4 temps de 4,4 kW \/ 6,0<\/p>","protected":false},"featured_media":13533,"template":"","meta":[],"product_brand":[],"product_cat":[61],"product_tag":[1514],"product_country":[1503],"class_list":{"0":"post-993","1":"product","2":"type-product","3":"status-publish","4":"has-post-thumbnail","6":"product_cat-sale-france","7":"product_tag-sale-france","8":"product_country-france","10":"first","11":"instock","12":"sale","13":"taxable","14":"shipping-taxable","15":"purchasable","16":"product-type-simple"},"_links":{"self":[{"href":"https:\/\/routinesfashione.com\/nl\/wp-json\/wp\/v2\/product\/993","targetHints":{"allow":["GET"]}}],"collection":[{"href":"https:\/\/routinesfashione.com\/nl\/wp-json\/wp\/v2\/product"}],"about":[{"href":"https:\/\/routinesfashione.com\/nl\/wp-json\/wp\/v2\/types\/product"}],"wp:featuredmedia":[{"embeddable":true,"href":"https:\/\/routinesfashione.com\/nl\/wp-json\/wp\/v2\/media\/13533"}],"wp:attachment":[{"href":"https:\/\/routinesfashione.com\/nl\/wp-json\/wp\/v2\/media?parent=993"}],"wp:term":[{"taxonomy":"product_brand","embeddable":true,"href":"https:\/\/routinesfashione.com\/nl\/wp-json\/wp\/v2\/product_brand?post=993"},{"taxonomy":"product_cat","embeddable":true,"href":"https:\/\/routinesfashione.com\/nl\/wp-json\/wp\/v2\/product_cat?post=993"},{"taxonomy":"product_tag","embeddable":true,"href":"https:\/\/routinesfashione.com\/nl\/wp-json\/wp\/v2\/product_tag?post=993"},{"taxonomy":"product_country","embeddable":true,"href":"https:\/\/routinesfashione.com\/nl\/wp-json\/wp\/v2\/product_country?post=993"}],"curies":[{"name":"wp","href":"https:\/\/api.w.org\/{rel}","templated":true}]}}