{"id":998,"date":"2025-09-30T20:53:40","date_gmt":"2025-09-30T20:53:40","guid":{"rendered":"https:\/\/lightgray-crow-170497.hostingersite.com\/?post_type=product&#038;p=998"},"modified":"2025-09-30T20:53:40","modified_gmt":"2025-09-30T20:53:40","slug":"tondeuse-debroussailleuse-3-roues-51cm-173cm%c2%b3-pm-5160-se-trike","status":"publish","type":"product","link":"https:\/\/routinesfashione.com\/nl\/produit\/tondeuse-debroussailleuse-3-roues-51cm-173cm%c2%b3-pm-5160-se-trike\/","title":{"rendered":"Tondeuse debroussailleuse 3 roues 51cm 173cm\u00b3 PM 5160 SE trike"},"content":{"rendered":"<p>D\u00e9couvrez l&#8217;excellence de la tonte avec la\u00a0<strong>Tondeuse thermique 3 roues 51 cm de coupe \u00e0 d\u00e9marrage \u00e9lectrique PM 5160 SE Trike MOWOX<\/strong>\u00a0, dot\u00e9e d&#8217;un carter en acier de 51 cm et d&#8217;un moteur \u00e0 d\u00e9marrage \u00e9lectrique DG600E de 173CC.<\/p>\n<p>Cette tondeuse tract\u00e9e conviendra pour des\u00a0<strong>grands terrains \u00e0 tondre jusqu&#8217;\u00e0 1800 m\u00b2.<\/strong><\/p>\n<p>Cette tondeuse combine ing\u00e9nieusement puissance et praticit\u00e9 pour un entretien de pelouse optimal.<br \/>\nSans compter qu&#8217;avec sa roue avant, la tonte sera pratique et facile tout au long de votre parcours sur votre terrain, puisqu&#8217;elle pivote jusqu&#8217;\u00e0 360\u00b0.<\/p>\n<p>Le r\u00e9glage centralis\u00e9 de la hauteur de coupe (6 positions) simplifie le choix de la hauteur id\u00e9ale pour votre gazon, tandis que le sac de ramassage hard top de 60 L avec indicateur de remplissage vous permet de suivre facilement le niveau de collecte. Les roues \u00e0 roulements \u00e0 billes garantissent une maniabilit\u00e9 fluide et un contr\u00f4le pr\u00e9cis lors de la tonte.<\/p>\n<p>Le guidon SoftGrip est con\u00e7u pour une prise en main confortable et est \u00e9quip\u00e9 d&#8217;une fonction de verrouillage rapide, facilitant ainsi le stockage et le transport de la tondeuse. De plus, le raccord de tuyau pour le nettoyage du carter simplifie l&#8217;entretien et prolonge la dur\u00e9e de vie de votre \u00e9quipement.<\/p>\n<p>Avec sa certification T\u00dcV\/GS, cette tondeuse Mowox incarne la fiabilit\u00e9 et la s\u00e9curit\u00e9, offrant une exp\u00e9rience de tonte en toute tranquillit\u00e9. D\u00e9couvrez une nouvelle mani\u00e8re de prendre soin de votre pelouse gr\u00e2ce \u00e0 la tondeuse trois roues tract\u00e9e Mowox, et profitez d&#8217;un r\u00e9sultat professionnel \u00e0 chaque utilisation.<\/p>","protected":false},"excerpt":{"rendered":"<p>D\u00e9couvrez l&#8217;excellence de la tonte avec la\u00a0Tondeuse thermique 3 roues 51 cm de coupe \u00e0 d\u00e9marrage \u00e9lectrique PM 5160 SE<\/p>","protected":false},"featured_media":13536,"template":"","meta":[],"product_brand":[],"product_cat":[61],"product_tag":[1514],"product_country":[1503],"class_list":{"0":"post-998","1":"product","2":"type-product","3":"status-publish","4":"has-post-thumbnail","6":"product_cat-sale-france","7":"product_tag-sale-france","8":"product_country-france","10":"first","11":"instock","12":"sale","13":"taxable","14":"shipping-taxable","15":"purchasable","16":"product-type-simple"},"_links":{"self":[{"href":"https:\/\/routinesfashione.com\/nl\/wp-json\/wp\/v2\/product\/998","targetHints":{"allow":["GET"]}}],"collection":[{"href":"https:\/\/routinesfashione.com\/nl\/wp-json\/wp\/v2\/product"}],"about":[{"href":"https:\/\/routinesfashione.com\/nl\/wp-json\/wp\/v2\/types\/product"}],"wp:featuredmedia":[{"embeddable":true,"href":"https:\/\/routinesfashione.com\/nl\/wp-json\/wp\/v2\/media\/13536"}],"wp:attachment":[{"href":"https:\/\/routinesfashione.com\/nl\/wp-json\/wp\/v2\/media?parent=998"}],"wp:term":[{"taxonomy":"product_brand","embeddable":true,"href":"https:\/\/routinesfashione.com\/nl\/wp-json\/wp\/v2\/product_brand?post=998"},{"taxonomy":"product_cat","embeddable":true,"href":"https:\/\/routinesfashione.com\/nl\/wp-json\/wp\/v2\/product_cat?post=998"},{"taxonomy":"product_tag","embeddable":true,"href":"https:\/\/routinesfashione.com\/nl\/wp-json\/wp\/v2\/product_tag?post=998"},{"taxonomy":"product_country","embeddable":true,"href":"https:\/\/routinesfashione.com\/nl\/wp-json\/wp\/v2\/product_country?post=998"}],"curies":[{"name":"wp","href":"https:\/\/api.w.org\/{rel}","templated":true}]}}